{"id":13,"date":"2025-04-15T13:08:32","date_gmt":"2025-04-15T11:08:32","guid":{"rendered":"https:\/\/new.kognitionskyrkan.nu\/2.0\/?page_id=13"},"modified":"2025-04-20T13:05:34","modified_gmt":"2025-04-20T11:05:34","slug":"hem","status":"publish","type":"page","link":"https:\/\/kognitionskyrkan.nu\/2.0\/","title":{"rendered":"Hem"},"content":{"rendered":"\n<div class=\"wp-block-cover alignfull is-light hestia-clear-top-padding\"><span aria-hidden=\"true\" class=\"wp-block-cover__background has-white-background-color has-background-dim-100 has-background-dim\"><\/span><div class=\"wp-block-cover__inner-container is-layout-flow wp-block-cover-is-layout-flow\">\n<div style=\"height:40px\" aria-hidden=\"true\" class=\"wp-block-spacer\"><\/div>\n\n\n\n<div class=\"wp-block-columns container is-layout-flex wp-container-core-columns-is-layout-28f84493 wp-block-columns-is-layout-flex\">\n<div class=\"wp-block-column is-layout-flow wp-block-column-is-layout-flow\"><div class=\"wp-block-image\">\n<figure class=\"aligncenter size-full is-resized\"><a href=\"\/2.0\/category\/laran\/\"><img loading=\"lazy\" decoding=\"async\" width=\"193\" height=\"62\" src=\"https:\/\/kognitionskyrkan.nu\/2.0\/wp-content\/uploads\/2021\/01\/start.gif\" alt=\"\" class=\"wp-image-1069\" style=\"width:233px;height:auto\"\/><\/a><figcaption class=\"wp-element-caption\">\t\t\t\t\t\t<\/figcaption><\/figure>\n<\/div>\n\n\n<h5 class=\"wp-block-heading alignwide has-text-align-center has-text-color\" style=\"color:#3c4858;font-size:18px\">Livet \u00e4r ett l\u00e4rande<\/h5>\n\n\n\n<p class=\"has-text-align-left has-black-color has-text-color\" style=\"font-size:14px\">Det \u00e4r l\u00e4tt att f\u00f6rledas att tro att ledarna f\u00f6r v\u00e4rldens stora religioner sitter inne med sanningen \u2014 att de tolkat skrifterna r\u00e4tt, vet hur vi b\u00f6r t\u00e4nka, och f\u00f6rst\u00e5r det gudomliga. Men s\u00e5 \u00e4r det inte. Genom \u00e5rtusenden har tiden f\u00f6rvr\u00e4ngt det som en g\u00e5ng, redan p\u00e5 faraonernas tid, var klart, enkelt och djupt m\u00e4nskligt.<\/p>\n\n\n\n<div style=\"height:25px\" aria-hidden=\"true\" class=\"wp-block-spacer\"><\/div>\n<\/div>\n\n\n\n<div class=\"wp-block-column is-layout-flow wp-block-column-is-layout-flow\"><div class=\"wp-block-image\">\n<figure class=\"aligncenter size-full is-resized\"><a href=\"\/2.0\/2010\/10\/15\/kognitionskyrkans-mal-och-metod\/\"><img loading=\"lazy\" decoding=\"async\" width=\"195\" height=\"55\" src=\"https:\/\/kognitionskyrkan.nu\/2.0\/wp-content\/uploads\/2021\/01\/goal.gif\" alt=\"\" class=\"wp-image-1068\" style=\"width:264px;height:auto\"\/><\/a><figcaption class=\"wp-element-caption\">\t\t\t\t\t\t<\/figcaption><\/figure>\n<\/div>\n\n\n<h5 class=\"wp-block-heading has-text-align-center has-text-color\" style=\"color:#3c4858;font-size:18px\">Den r\u00e4tta v\u00e4gen<\/h5>\n\n\n\n<p class=\"has-text-align-left has-black-color has-text-color\" style=\"font-size:14px\"><em>&#8221;Sanningen ska g\u00f6ra dig fri&#8221;<\/em> \u2014 visst har du h\u00f6rt det f\u00f6rr. Men vad <em>\u00e4r<\/em> sanning? Vad <em>befrias<\/em> egentligen? Och vad menar vi med frihet? Vi kastar orden omkring oss som om de b\u00e4r sin egen vikt, men utan inneh\u00e5ll \u00e4r de bara ljud. \u00c4nd\u00e5: r\u00e4tt f\u00f6rst\u00e5dda kan de \u00f6ppna d\u00f6rren till en inre klarhet \u2014 som i sin tur f\u00f6r\u00e4ndrar det yttre. F\u00f6rst dig. Sedan oss alla.<\/p>\n\n\n\n<div style=\"height:25px\" aria-hidden=\"true\" class=\"wp-block-spacer\"><\/div>\n<\/div>\n\n\n\n<div class=\"wp-block-column is-layout-flow wp-block-column-is-layout-flow\"><div class=\"wp-block-image\">\n<figure class=\"aligncenter size-full is-resized\"><a href=\"\/2.0\/2011\/02\/26\/samtal-med-gud\/\"><img loading=\"lazy\" decoding=\"async\" width=\"195\" height=\"67\" src=\"https:\/\/kognitionskyrkan.nu\/2.0\/wp-content\/uploads\/2021\/01\/samtal.gif\" alt=\"\" class=\"wp-image-1067\" style=\"width:207px;height:auto\"\/><\/a><figcaption class=\"wp-element-caption\">\t\t\t\t\t\t<\/figcaption><\/figure>\n<\/div>\n\n\n<h5 class=\"wp-block-heading has-text-align-center has-text-color\" style=\"color:#3c4858;font-size:18px\">Samtalet \u00e4r v\u00e4gen<\/h5>\n\n\n\n<p class=\"has-text-align-left has-black-color has-text-color\" style=\"font-size:14px\">Gud sade till Abraham: <em>Tror du att du \u00e4r min like?<\/em> Du kan inte f\u00f6rst\u00e5 allt p\u00e5 egen hand. Men s\u00f6k en v\u00e4n, sitt tillsammans i stillhet \u2014 i lyssnande, i samtal. F\u00f6r det \u00e4r i m\u00f6tet f\u00f6rst\u00e5elsen v\u00e4xer. Samtalet \u00e4r v\u00e4gen, kroppen ditt fordon. Och det \u00e4r du som f\u00e4rdas, genom lager av illusion mot det som verkligen \u00e4r.<\/p>\n\n\n\n<div style=\"height:25px\" aria-hidden=\"true\" class=\"wp-block-spacer\"><\/div>\n<\/div>\n<\/div>\n\n\n\n<div style=\"height:40px\" aria-hidden=\"true\" class=\"wp-block-spacer\"><\/div>\n<\/div><\/div>\n\n\n\n<div class=\"wp-block-columns container is-layout-flex wp-container-core-columns-is-layout-28f84493 wp-block-columns-is-layout-flex\">\n<div class=\"wp-block-column col-md-5 is-layout-flow wp-block-column-is-layout-flow\">\n<div style=\"height:55px\" aria-hidden=\"true\" class=\"wp-block-spacer\"><\/div>\n\n\n\n<h2 class=\"wp-block-heading\">Kognitionskyrkan @ NRK<\/h2>\n\n\n\n<p class=\"has-medium-font-size\">2015 spelade Norska statstelevisionen in en kort tv-serie om Bitcoin. Den handlar om Admund som reser runt i Scandinavien och f\u00f6rs\u00f6ker f\u00f6rst\u00e5 vad Bitcoin \u00e4r. P\u00e5 hans resa g\u00f6r han \u00e4ven ett bes\u00f6k hos Kognitionskyrkan&#8230; Inga konstigheter&#8230;<\/p>\n<\/div>\n\n\n\n<div class=\"wp-block-column col-md-6 col-md-offset1 is-layout-flow wp-block-column-is-layout-flow\">\n<div style=\"height:55px\" aria-hidden=\"true\" class=\"wp-block-spacer\"><\/div>\n\n\n\n<figure class=\"wp-block-embed is-type-video is-provider-youtube wp-block-embed-youtube wp-embed-aspect-16-9 wp-has-aspect-ratio\" style=\"margin-top:var(--wp--preset--spacing--60);margin-bottom:var(--wp--preset--spacing--60)\"><div class=\"wp-block-embed__wrapper\">\n<iframe loading=\"lazy\" title=\"The Bitcoin Experiment: Fix the Money, Fix the World? | Bitcoin Documentary\" width=\"750\" height=\"422\" src=\"https:\/\/www.youtube.com\/embed\/pWiSgUtSU7Q?start=1630&#038;feature=oembed\" frameborder=\"0\" allow=\"accelerometer; autoplay; clipboard-write; encrypted-media; gyroscope; picture-in-picture; web-share\" referrerpolicy=\"strict-origin-when-cross-origin\" allowfullscreen><\/iframe>\n<\/div><\/figure>\n\n\n\n<p><\/p>\n<\/div>\n<\/div>\n","protected":false},"excerpt":{"rendered":"<p>Kognitionskyrkan @ NRK 2015 spelade Norska statstelevisionen in en kort tv-serie om Bitcoin. Den handlar om Admund som reser runt i Scandinavien och f\u00f6rs\u00f6ker f\u00f6rst\u00e5 vad Bitcoin \u00e4r. P\u00e5 hans resa g\u00f6r han \u00e4ven ett bes\u00f6k hos Kognitionskyrkan&#8230; Inga konstigheter&#8230;<\/p>\n","protected":false},"author":1,"featured_media":1392,"parent":0,"menu_order":0,"comment_status":"closed","ping_status":"closed","template":"","meta":{"footnotes":""},"class_list":["post-13","page","type-page","status-publish","has-post-thumbnail","hentry"],"_links":{"self":[{"href":"https:\/\/kognitionskyrkan.nu\/2.0\/wp-json\/wp\/v2\/pages\/13","targetHints":{"allow":["GET"]}}],"collection":[{"href":"https:\/\/kognitionskyrkan.nu\/2.0\/wp-json\/wp\/v2\/pages"}],"about":[{"href":"https:\/\/kognitionskyrkan.nu\/2.0\/wp-json\/wp\/v2\/types\/page"}],"author":[{"embeddable":true,"href":"https:\/\/kognitionskyrkan.nu\/2.0\/wp-json\/wp\/v2\/users\/1"}],"replies":[{"embeddable":true,"href":"https:\/\/kognitionskyrkan.nu\/2.0\/wp-json\/wp\/v2\/comments?post=13"}],"version-history":[{"count":32,"href":"https:\/\/kognitionskyrkan.nu\/2.0\/wp-json\/wp\/v2\/pages\/13\/revisions"}],"predecessor-version":[{"id":1483,"href":"https:\/\/kognitionskyrkan.nu\/2.0\/wp-json\/wp\/v2\/pages\/13\/revisions\/1483"}],"wp:featuredmedia":[{"embeddable":true,"href":"https:\/\/kognitionskyrkan.nu\/2.0\/wp-json\/wp\/v2\/media\/1392"}],"wp:attachment":[{"href":"https:\/\/kognitionskyrkan.nu\/2.0\/wp-json\/wp\/v2\/media?parent=13"}],"curies":[{"name":"wp","href":"https:\/\/api.w.org\/{rel}","templated":true}]}}